{"id":319,"date":"2024-09-24T11:33:23","date_gmt":"2024-09-24T09:33:23","guid":{"rendered":"https:\/\/www.mtlogistic.hu\/?page_id=319"},"modified":"2024-09-24T11:34:56","modified_gmt":"2024-09-24T09:34:56","slug":"szallitmanyozas","status":"publish","type":"page","link":"https:\/\/www.mtlogistic.hu\/en\/forwarding\/","title":{"rendered":"Forwarding"},"content":{"rendered":"<div data-elementor-type=\"wp-page\" data-elementor-id=\"319\" class=\"elementor elementor-319\" data-elementor-post-type=\"page\">\n\t\t\t\t<div class=\"elementor-element elementor-element-d12f47e e-flex e-con-boxed e-con e-parent\" data-id=\"d12f47e\" data-element_type=\"container\" data-settings=\"{&quot;background_background&quot;:&quot;classic&quot;}\">\n\t\t\t\t\t<div class=\"e-con-inner\">\n\t\t<div class=\"elementor-element elementor-element-f9dcc57 e-con-full e-flex e-con e-child\" data-id=\"f9dcc57\" data-element_type=\"container\">\n\t\t\t\t<div class=\"elementor-element elementor-element-70d1740 elementor-widget elementor-widget-heading\" data-id=\"70d1740\" data-element_type=\"widget\" data-widget_type=\"heading.default\">\n\t\t\t\t<div class=\"elementor-widget-container\">\n\t\t\t<h1 class=\"elementor-heading-title elementor-size-default\">Forwarding<\/h1>\t\t<\/div>\n\t\t\t\t<\/div>\n\t\t\t\t<div class=\"elementor-element elementor-element-d6b9852 elementor-widget elementor-widget-heading\" data-id=\"d6b9852\" data-element_type=\"widget\" data-widget_type=\"heading.default\">\n\t\t\t\t<div class=\"elementor-widget-container\">\n\t\t\t<h3 class=\"elementor-heading-title elementor-size-default\">RELIBLE FREIGHT FORWARDER! PUNCTUAL DELIVERY!<\/h3>\t\t<\/div>\n\t\t\t\t<\/div>\n\t\t\t\t<\/div>\n\t\t\t\t\t<\/div>\n\t\t\t\t<\/div>\n\t\t<div class=\"elementor-element elementor-element-7ccfff6 e-flex e-con-boxed e-con e-parent\" data-id=\"7ccfff6\" data-element_type=\"container\">\n\t\t\t\t\t<div class=\"e-con-inner\">\n\t\t<div class=\"elementor-element elementor-element-85d6f04 e-con-full e-flex e-con e-child\" data-id=\"85d6f04\" data-element_type=\"container\">\n\t\t\t\t<div class=\"elementor-element elementor-element-17d292d elementor-widget elementor-widget-heading\" data-id=\"17d292d\" data-element_type=\"widget\" data-widget_type=\"heading.default\">\n\t\t\t\t<div class=\"elementor-widget-container\">\n\t\t\t<h2 class=\"elementor-heading-title elementor-size-default\">COMPLICATED LOGISTICS ISSUE?<\/h2>\t\t<\/div>\n\t\t\t\t<\/div>\n\t\t\t\t<div class=\"elementor-element elementor-element-7849b3a elementor-widget elementor-widget-text-editor\" data-id=\"7849b3a\" data-element_type=\"widget\" data-widget_type=\"text-editor.default\">\n\t\t\t\t<div class=\"elementor-widget-container\">\n\t\t\t\t\t\t\t<p>Why would you spend your qualtiy time\u2013 and your collegaues\u2019s quality time \u2013 with a complex, unsolvable freight forwarding issues? The M\u00e9r\u00e9stechnika Kft. \u201eMTLOGISTIC\u201d can solve them instead of you. We successfully organize and coordinate the logistic that need a big capacity. We have been operating on the field of logistics since 2003 as a transport and freight forwarding company. The secret of our sucsess that we are cooperating with our partners as a team.<\/p><p>We know the price is very important not only for the producer but also to the freight forwarder so we use our knowledge and experience to find the best price for our partners to be satisfied.<\/p>\t\t\t\t\t\t<\/div>\n\t\t\t\t<\/div>\n\t\t\t\t<\/div>\n\t\t\t\t\t<\/div>\n\t\t\t\t<\/div>\n\t\t<div class=\"elementor-element elementor-element-3f1452d e-flex e-con-boxed e-con e-parent\" data-id=\"3f1452d\" data-element_type=\"container\" data-settings=\"{&quot;background_background&quot;:&quot;classic&quot;}\">\n\t\t\t\t\t<div class=\"e-con-inner\">\n\t\t<div class=\"elementor-element elementor-element-dc34f51 e-con-full e-flex e-con e-child\" data-id=\"dc34f51\" data-element_type=\"container\">\n\t\t\t\t<div class=\"elementor-element elementor-element-5b1cdec elementor-widget elementor-widget-heading\" data-id=\"5b1cdec\" data-element_type=\"widget\" data-widget_type=\"heading.default\">\n\t\t\t\t<div class=\"elementor-widget-container\">\n\t\t\t<h2 class=\"elementor-heading-title elementor-size-default\">INQUIRE AND REQUEST AN OFFER!<\/h2>\t\t<\/div>\n\t\t\t\t<\/div>\n\t\t\t\t<div class=\"elementor-element elementor-element-17ec076 elementor-widget elementor-widget-text-editor\" data-id=\"17ec076\" data-element_type=\"widget\" data-widget_type=\"text-editor.default\">\n\t\t\t\t<div class=\"elementor-widget-container\">\n\t\t\t\t\t\t\t<p><strong>Please don't hesitate to call us!<\/strong><\/p>\t\t\t\t\t\t<\/div>\n\t\t\t\t<\/div>\n\t\t\t\t<div class=\"elementor-element elementor-element-d0c6d5b elementor-align-center elementor-widget elementor-widget-button\" data-id=\"d0c6d5b\" data-element_type=\"widget\" data-widget_type=\"button.default\">\n\t\t\t\t<div class=\"elementor-widget-container\">\n\t\t\t\t\t<div class=\"elementor-button-wrapper\">\n\t\t\t<a class=\"elementor-button elementor-button-link elementor-size-sm\" href=\"https:\/\/www.mtlogistic.hu\/en\/kapcsolat\/\">\n\t\t\t\t\t\t<span class=\"elementor-button-content-wrapper\">\n\t\t\t\t\t\t\t\t\t<span class=\"elementor-button-text\">Request an offer<\/span>\n\t\t\t\t\t<\/span>\n\t\t\t\t\t<\/a>\n\t\t<\/div>\n\t\t\t\t<\/div>\n\t\t\t\t<\/div>\n\t\t\t\t<\/div>\n\t\t\t\t\t<\/div>\n\t\t\t\t<\/div>\n\t\t\t\t<\/div>","protected":false},"excerpt":{"rendered":"<p>Sz\u00e1ll\u00edtm\u00e1nyoz\u00e1s MEGB\u00cdZHAT\u00d3 SZ\u00c1LL\u00cdTM\u00c1NYOZ\u00d3! PONTOS SZ\u00c1LL\u00cdT\u00c1S! BONYOLULT LOGISZTIKAI FELADATOK? Mi\u00e9rt t\u00f6lten\u00e9 az \u00e9rt\u00e9kes idej\u00e9t \u2013 vagy munkat\u00e1rsai idej\u00e9t \u2013 azzal, hogy \u00f6sszetett, sokszor megoldhatatlannak t\u0171n\u0151 sz\u00e1ll\u00edt\u00e1si, sz\u00e1ll\u00edtm\u00e1nyoz\u00e1si probl\u00e9m\u00e1kkal foglalkozzon? A M\u00e9r\u00e9stechnika Kft \u201eMTLOGISTIC\u201d megoldja \u00d6n\u00f6k helyett! Sikeresen megszervezz\u00fck, \u00f6sszefogjuk \u00e9s koordin\u00e1ljuk a nagy kapacit\u00e1st ig\u00e9nyl\u0151 sz\u00e1ll\u00edt\u00e1si feladatokat. 2003 \u00f3ta dolgozunk a logisztika ter\u00fclet\u00e9n, mint fuvaroz\u00e1si \u00e9s &#8230; <a title=\"Forwarding\" class=\"read-more\" href=\"https:\/\/www.mtlogistic.hu\/en\/forwarding\/\" aria-label=\"Read more about Sz\u00e1ll\u00edtm\u00e1nyoz\u00e1s\">Read more<\/a><\/p>","protected":false},"author":2,"featured_media":0,"parent":0,"menu_order":0,"comment_status":"closed","ping_status":"closed","template":"elementor_header_footer","meta":{"rank_math_lock_modified_date":false,"footnotes":""},"class_list":["post-319","page","type-page","status-publish"],"_links":{"self":[{"href":"https:\/\/www.mtlogistic.hu\/en\/wp-json\/wp\/v2\/pages\/319","targetHints":{"allow":["GET"]}}],"collection":[{"href":"https:\/\/www.mtlogistic.hu\/en\/wp-json\/wp\/v2\/pages"}],"about":[{"href":"https:\/\/www.mtlogistic.hu\/en\/wp-json\/wp\/v2\/types\/page"}],"author":[{"embeddable":true,"href":"https:\/\/www.mtlogistic.hu\/en\/wp-json\/wp\/v2\/users\/2"}],"replies":[{"embeddable":true,"href":"https:\/\/www.mtlogistic.hu\/en\/wp-json\/wp\/v2\/comments?post=319"}],"version-history":[{"count":4,"href":"https:\/\/www.mtlogistic.hu\/en\/wp-json\/wp\/v2\/pages\/319\/revisions"}],"predecessor-version":[{"id":323,"href":"https:\/\/www.mtlogistic.hu\/en\/wp-json\/wp\/v2\/pages\/319\/revisions\/323"}],"wp:attachment":[{"href":"https:\/\/www.mtlogistic.hu\/en\/wp-json\/wp\/v2\/media?parent=319"}],"curies":[{"name":"wp","href":"https:\/\/api.w.org\/{rel}","templated":true}]}}