{"id":248,"date":"2024-06-18T15:57:00","date_gmt":"2024-06-18T13:57:00","guid":{"rendered":"https:\/\/www.mtlogistic.hu\/?page_id=248"},"modified":"2024-06-18T16:07:30","modified_gmt":"2024-06-18T14:07:30","slug":"hutott-aru-szallitasa","status":"publish","type":"page","link":"https:\/\/www.mtlogistic.hu\/en\/transport-of-refrigerated-goods\/","title":{"rendered":"Transport of refrigerated goods"},"content":{"rendered":"<div data-elementor-type=\"wp-page\" data-elementor-id=\"248\" class=\"elementor elementor-248\" data-elementor-post-type=\"page\">\n\t\t\t\t<div class=\"elementor-element elementor-element-d12f47e e-flex e-con-boxed e-con e-parent\" data-id=\"d12f47e\" data-element_type=\"container\" data-settings=\"{&quot;background_background&quot;:&quot;classic&quot;}\">\n\t\t\t\t\t<div class=\"e-con-inner\">\n\t\t<div class=\"elementor-element elementor-element-f9dcc57 e-con-full e-flex e-con e-child\" data-id=\"f9dcc57\" data-element_type=\"container\">\n\t\t\t\t<div class=\"elementor-element elementor-element-70d1740 elementor-widget elementor-widget-heading\" data-id=\"70d1740\" data-element_type=\"widget\" data-widget_type=\"heading.default\">\n\t\t\t\t<div class=\"elementor-widget-container\">\n\t\t\t<h1 class=\"elementor-heading-title elementor-size-default\">Transport of refrigerated goods<\/h1>\t\t<\/div>\n\t\t\t\t<\/div>\n\t\t\t\t<div class=\"elementor-element elementor-element-d6b9852 elementor-widget elementor-widget-heading\" data-id=\"d6b9852\" data-element_type=\"widget\" data-widget_type=\"heading.default\">\n\t\t\t\t<div class=\"elementor-widget-container\">\n\t\t\t<h3 class=\"elementor-heading-title elementor-size-default\">RELIBLE FREIGHT FORWARDER! PUNCTUAL DELIVERY!<\/h3>\t\t<\/div>\n\t\t\t\t<\/div>\n\t\t\t\t<\/div>\n\t\t\t\t\t<\/div>\n\t\t\t\t<\/div>\n\t\t<div class=\"elementor-element elementor-element-7ccfff6 e-flex e-con-boxed e-con e-parent\" data-id=\"7ccfff6\" data-element_type=\"container\">\n\t\t\t\t\t<div class=\"e-con-inner\">\n\t\t<div class=\"elementor-element elementor-element-85d6f04 e-con-full e-flex e-con e-child\" data-id=\"85d6f04\" data-element_type=\"container\">\n\t\t\t\t<div class=\"elementor-element elementor-element-17d292d elementor-widget elementor-widget-heading\" data-id=\"17d292d\" data-element_type=\"widget\" data-widget_type=\"heading.default\">\n\t\t\t\t<div class=\"elementor-widget-container\">\n\t\t\t<h2 class=\"elementor-heading-title elementor-size-default\">Refrigerated products, with several types of cargo compartment cooling<\/h2>\t\t<\/div>\n\t\t\t\t<\/div>\n\t\t\t\t<div class=\"elementor-element elementor-element-7849b3a elementor-widget elementor-widget-text-editor\" data-id=\"7849b3a\" data-element_type=\"widget\" data-widget_type=\"text-editor.default\">\n\t\t\t\t<div class=\"elementor-widget-container\">\n\t\t\t\t\t\t\t<p>Mt-Logistic undertakes the delivery of refrigerated goods with various cargo cooling solutions, and special refrigerated trucks, even on short notice. We ensure that your goods reach their destination with precise and timed delivery, customized solutions, and flexible conditions.<\/p>\t\t\t\t\t\t<\/div>\n\t\t\t\t<\/div>\n\t\t<div class=\"elementor-element elementor-element-1274c71 e-flex e-con-boxed e-con e-child\" data-id=\"1274c71\" data-element_type=\"container\">\n\t\t\t\t\t<div class=\"e-con-inner\">\n\t\t\t\t<div class=\"elementor-element elementor-element-2e77a6c elementor-widget__width-initial elementor-widget-tablet__width-inherit elementor-view-default elementor-position-top elementor-mobile-position-top elementor-widget elementor-widget-icon-box\" data-id=\"2e77a6c\" data-element_type=\"widget\" data-widget_type=\"icon-box.default\">\n\t\t\t\t<div class=\"elementor-widget-container\">\n\t\t\t\t\t<div class=\"elementor-icon-box-wrapper\">\n\n\t\t\t\t\t\t<div class=\"elementor-icon-box-icon\">\n\t\t\t\t<span  class=\"elementor-icon elementor-animation-\">\n\t\t\t\t<svg xmlns=\"http:\/\/www.w3.org\/2000\/svg\" id=\"Icons\" viewbox=\"0 0 60 60\"><path d=\"m59 43.278v-15.278c0-4.411-3.589-8-8-8h-7c-.352 0-.686.072-1 .184v-12.184c0-1.654-1.346-3-3-3h-37c-1.654 0-3 1.346-3 3v34c0 1.302.839 2.402 2 2.816v2.184c0 1.103.897 2 2 2h3.09c.478 2.833 2.942 5 5.91 5s5.431-2.167 5.91-5h25.181c.478 2.833 2.942 5 5.91 5s5.431-2.167 5.91-5h2.09c1.103 0 2-.897 2-2v-2c0-.737-.405-1.375-1-1.722zm-2-15.278v3h-8v-9h2c3.309 0 6 2.691 6 6zm-13-6h3v9c0 1.103.897 2 2 2h8v10h-3.69c-.95-.631-2.087-1-3.31-1s-2.36.369-3.31 1h-3.69v-20c0-.552.448-1 1-1zm-25.812 23h26.624c-.353.608-.6 1.282-.721 2h-25.181c-.121-.718-.369-1.392-.721-2zm-16.188-37c0-.552.448-1 1-1h37c.552 0 1 .448 1 1v35h-24.69c-.95-.631-2.087-1-3.31-1s-2.36.369-3.31 1h-6.69c-.552 0-1-.448-1-1zm2 37h3.812c-.353.608-.6 1.282-.721 2h-3.09v-2zm9 7c-2.206 0-4-1.794-4-4s1.794-4 4-4 4 1.794 4 4-1.794 4-4 4zm37 0c-2.206 0-4-1.794-4-4s1.794-4 4-4 4 1.794 4 4-1.794 4-4 4zm8-5h-2.09c-.121-.718-.369-1.392-.721-2h2.812v2z\"><\/path><path d=\"m54 40c.553 0 1-.447 1-1v-2c0-.553-.447-1-1-1s-1 .447-1 1v2c0 .553.447 1 1 1z\"><\/path><path d=\"m8.36 27.909c-.539-.068-1.046.325-1.112.874-.065.548.325 1.046.874 1.112l1.985.239-1.731 1c-.479.276-.643.888-.366 1.366.186.321.521.5.867.5.17 0 .342-.043.499-.134l1.731-1-.786 1.838c-.217.508.02 1.095.527 1.312.128.055.261.08.393.08.388 0 .757-.228.92-.607l1.834-4.291 1.513-.874c1.087 1.377 2.677 2.333 4.492 2.594v1.747l-2.8 3.733c-.332.441-.242 1.068.2 1.399.442.332 1.069.243 1.399-.2l1.2-1.6v2c0 .553.447 1 1 1s1-.447 1-1v-2l1.2 1.6c.196.263.496.4.801.4.209 0 .419-.065.599-.2.442-.331.532-.958.2-1.399l-2.8-3.733v-1.747c1.815-.262 3.405-1.217 4.492-2.594l1.513.874 1.834 4.291c.163.38.532.607.92.607.132 0 .265-.025.393-.08.508-.218.744-.805.527-1.312l-.786-1.838 1.731 1c.157.091.329.134.499.134.346 0 .682-.179.867-.5.276-.479.112-1.09-.366-1.366l-1.731-1 1.985-.239c.549-.066.939-.564.874-1.112-.066-.549-.574-.94-1.112-.874l-4.634.558-1.51-.872c.322-.804.505-1.678.505-2.595s-.182-1.792-.505-2.595l1.51-.872 4.634.558c.04.005.08.007.12.007.499 0 .931-.373.992-.881.065-.548-.325-1.046-.874-1.112l-1.985-.239 1.731-1c.479-.276.643-.888.366-1.366-.277-.479-.891-.643-1.366-.366l-1.731 1 .786-1.838c.217-.508-.02-1.095-.527-1.312-.505-.216-1.094.018-1.312.527l-1.834 4.291-1.513.874c-1.087-1.377-2.677-2.333-4.492-2.594v-1.747l2.8-3.733c.332-.441.242-1.068-.2-1.399-.441-.33-1.067-.242-1.399.2l-1.2 1.6v-2c0-.553-.447-1-1-1s-1 .447-1 1v2l-1.2-1.6c-.331-.443-.958-.532-1.399-.2-.442.331-.532.958-.2 1.399l2.8 3.733v1.747c-1.815.262-3.405 1.217-4.492 2.594l-1.513-.874-1.834-4.291c-.219-.51-.81-.744-1.312-.527-.508.218-.744.805-.527 1.312l.786 1.838-1.731-1c-.478-.276-1.09-.113-1.366.366s-.112 1.09.366 1.366l1.731 1-1.985.239c-.549.066-.939.564-.874 1.112.062.508.493.881.992.881.04 0 .08-.002.12-.007l4.634-.558 1.51.872c-.322.804-.505 1.678-.505 2.595s.182 1.792.505 2.595l-1.51.872-4.634-.558zm8.917.395 2.723-1.572v3.167c-1.079-.22-2.018-.801-2.723-1.594zm4.723 1.594v-3.167l2.723 1.572c-.705.794-1.644 1.375-2.723 1.594zm4-4.899c0 .552-.112 1.074-.278 1.572l-2.722-1.572 2.722-1.572c.166.497.278 1.019.278 1.572zm-1.277-3.305-2.723 1.572v-3.167c1.079.22 2.018.801 2.723 1.594zm-4.723-1.594v3.167l-2.723-1.572c.705-.794 1.644-1.375 2.723-1.594zm-4 4.899c0-.552.112-1.074.278-1.572l2.722 1.572-2.722 1.572c-.166-.497-.278-1.019-.278-1.572z\"><\/path><\/svg>\t\t\t\t<\/span>\n\t\t\t<\/div>\n\t\t\t\n\t\t\t\t\t\t<div class=\"elementor-icon-box-content\">\n\n\t\t\t\t\t\t\t\t\t<h4 class=\"elementor-icon-box-title\">\n\t\t\t\t\t\t<span  >\n\t\t\t\t\t\t\tReliable modern refrigerator fleet\t\t\t\t\t\t<\/span>\n\t\t\t\t\t<\/h4>\n\t\t\t\t\n\t\t\t\t\t\t\t\t\t<p class=\"elementor-icon-box-description\">\n\t\t\t\t\t\tWith an efficient, compartmentalized refrigerated truck, we can concomitantly transport products with different temperature requirements or other goods besides food. The personal satisfaction of our customers' business interests is material, so our constantly serviced, modern fleet of vehicles can satisfy all emerging needs.\t\t\t\t\t<\/p>\n\t\t\t\t\n\t\t\t<\/div>\n\t\t\t\n\t\t<\/div>\n\t\t\t\t<\/div>\n\t\t\t\t<\/div>\n\t\t\t\t<div class=\"elementor-element elementor-element-3286a2a elementor-widget__width-initial elementor-widget-tablet__width-inherit elementor-view-default elementor-position-top elementor-mobile-position-top elementor-widget elementor-widget-icon-box\" data-id=\"3286a2a\" data-element_type=\"widget\" data-widget_type=\"icon-box.default\">\n\t\t\t\t<div class=\"elementor-widget-container\">\n\t\t\t\t\t<div class=\"elementor-icon-box-wrapper\">\n\n\t\t\t\t\t\t<div class=\"elementor-icon-box-icon\">\n\t\t\t\t<span  class=\"elementor-icon elementor-animation-\">\n\t\t\t\t<svg xmlns=\"http:\/\/www.w3.org\/2000\/svg\" id=\"Icons\" viewbox=\"0 0 60 60\"><path d=\"m2.5,38h33c1.379,0,2.5-1.121,2.5-2.5V2.5C38,1.121,36.879,0,35.5,0H2.5C1.121,0,0,1.121,0,2.5v33c0,1.379,1.121,2.5,2.5,2.5ZM14,2h10v13h-10V2Zm-12,.5c0-.275.225-.5.5-.5h9.5v13c0,1.103.897,2,2,2h10c1.103,0,2-.897,2-2V2h9.5c.275,0,.5.225.5.5v33c0,.275-.225.5-.5.5H2.5c-.275,0-.5-.225-.5-.5V2.5Z\"><\/path><path d=\"m47,60c6.617,0,12-5.383,12-12,0-3.89-1.859-7.493-5-9.747V7c0-1.879-.73-3.637-2.05-4.944C50.637.73,48.879,0,47,0,43.141,0,40,3.141,40,7v31.253c-3.141,2.254-5,5.857-5,9.747,0,6.617,5.383,12,12,12Zm-5.454-20.382c.283-.185.454-.5.454-.838V7c0-2.757,2.243-5,5-5,1.341,0,2.595.52,3.536,1.47.944.936,1.464,2.189,1.464,3.53v31.78c0,.338.171.653.454.838,2.847,1.854,4.546,4.987,4.546,8.382,0,5.514-4.486,10-10,10s-10-4.486-10-10c0-3.395,1.699-6.528,4.546-8.382Z\"><\/path><path d=\"m47,56c4.411,0,8-3.589,8-8,0-3.314-1.98-6.208-5-7.419V7c0-.812-.316-1.566-.873-2.107-.561-.576-1.315-.893-2.127-.893-1.654,0-3,1.346-3,3v33.581c-3.02,1.211-5,4.104-5,7.419,0,4.411,3.589,8,8,8Zm0-50c.267,0,.514.103.713.307.185.18.287.427.287.693v29h-2V7c0-.552.448-1,1-1Zm-1.715,36.248c.424-.126.715-.516.715-.958v-3.29h2v3.29c0,.442.291.832.715.958,2.563.764,4.285,3.075,4.285,5.752,0,3.309-2.691,6-6,6s-6-2.691-6-6c0-2.677,1.722-4.988,4.285-5.752Z\"><\/path><path d=\"m23,33h8c1.103,0,2-.897,2-2v-3c0-1.103-.897-2-2-2h-8c-1.103,0-2,.897-2,2v3c0,1.103.897,2,2,2Zm0-5h8v3h-8v-3Z\"><\/path><path d=\"m6,33h8c.553,0,1-.447,1-1s-.447-1-1-1H6c-.553,0-1,.447-1,1s.447,1,1,1Z\"><\/path><path d=\"m6,26v2c0,.553.447,1,1,1s1-.447,1-1v-2c.256,0,.512-.098.707-.293.391-.391.391-1.023,0-1.414l-1-1c-.391-.391-1.023-.391-1.414,0l-1,1c-.391.391-.391,1.023,0,1.414.195.195.451.293.707.293Z\"><\/path><path d=\"m12,26v2c0,.553.447,1,1,1s1-.447,1-1v-2c.256,0,.512-.098.707-.293.391-.391.391-1.023,0-1.414l-1-1c-.391-.391-1.023-.391-1.414,0l-1,1c-.391.391-.391,1.023,0,1.414.195.195.451.293.707.293Z\"><\/path><path d=\"m59,35h-2c-.553,0-1,.447-1,1s.447,1,1,1h2c.553,0,1-.447,1-1s-.447-1-1-1Z\"><\/path><path d=\"m57,32h.999c.553,0,1-.447,1-1s-.447-1-1-1h-.999c-.553,0-1,.447-1,1s.447,1,1,1Z\"><\/path><path d=\"m59,25h-2c-.553,0-1,.447-1,1s.447,1,1,1h2c.553,0,1-.447,1-1s-.447-1-1-1Z\"><\/path><path d=\"m59,15h-2c-.553,0-1,.447-1,1s.447,1,1,1h2c.553,0,1-.447,1-1s-.447-1-1-1Z\"><\/path><path d=\"m57,22h.999c.553,0,1-.447,1-1s-.447-1-1-1h-.999c-.553,0-1,.447-1,1s.447,1,1,1Z\"><\/path><path d=\"m59,5h-2c-.553,0-1,.447-1,1s.447,1,1,1h2c.553,0,1-.447,1-1s-.447-1-1-1Z\"><\/path><path d=\"m57,12h.999c.553,0,1-.447,1-1s-.447-1-1-1h-.999c-.553,0-1,.447-1,1s.447,1,1,1Z\"><\/path><\/svg>\t\t\t\t<\/span>\n\t\t\t<\/div>\n\t\t\t\n\t\t\t\t\t\t<div class=\"elementor-icon-box-content\">\n\n\t\t\t\t\t\t\t\t\t<h4 class=\"elementor-icon-box-title\">\n\t\t\t\t\t\t<span  >\n\t\t\t\t\t\t\tProfessional delivery of frozen food, meat and milk\t\t\t\t\t\t<\/span>\n\t\t\t\t\t<\/h4>\n\t\t\t\t\n\t\t\t\t\t\t\t\t\t<p class=\"elementor-icon-box-description\">\n\t\t\t\t\t\tBy current legislation, our frigo trucks are innately equipped with temperature monitoring devices. The internal temperature of the container is continuously checked during the journey.\n\n\t\t\t\t\t<\/p>\n\t\t\t\t\n\t\t\t<\/div>\n\t\t\t\n\t\t<\/div>\n\t\t\t\t<\/div>\n\t\t\t\t<\/div>\n\t\t\t\t<div class=\"elementor-element elementor-element-18b4739 elementor-widget__width-initial elementor-widget-tablet__width-inherit elementor-view-default elementor-position-top elementor-mobile-position-top elementor-widget elementor-widget-icon-box\" data-id=\"18b4739\" data-element_type=\"widget\" data-widget_type=\"icon-box.default\">\n\t\t\t\t<div class=\"elementor-widget-container\">\n\t\t\t\t\t<div class=\"elementor-icon-box-wrapper\">\n\n\t\t\t\t\t\t<div class=\"elementor-icon-box-icon\">\n\t\t\t\t<span  class=\"elementor-icon elementor-animation-\">\n\t\t\t\t<svg xmlns=\"http:\/\/www.w3.org\/2000\/svg\" xmlns:xlink=\"http:\/\/www.w3.org\/1999\/xlink\" width=\"512\" height=\"512\" x=\"0\" y=\"0\" viewbox=\"0 0 512 512\" style=\"enable-background:new 0 0 512 512\" xml:space=\"preserve\" class=\"\"><g><path d=\"M256 60.204v30.122M158.102 86.436l15.061 26.087M86.436 158.102l26.087 15.061M60.204 256h30.122M86.436 353.898l26.087-15.061M451.796 256h-30.123M425.564 158.102l-26.087 15.061M483.394 350.012C495.383 321.054 502 289.295 502 256c0-135.862-110.138-246-246-246S10 120.138 10 256c0 67.926 27.532 129.426 72.053 173.947l35.494-35.494C82.123 359.019 60.204 310.07 60.204 256 60.204 147.86 147.86 60.204 256 60.204S451.796 147.86 451.796 256c0 21.638-3.514 42.463-9.991 61.922M353.898 86.436l-15.061 26.087 15.061-26.087z\" style=\"stroke-width:20;stroke-linecap:round;stroke-linejoin:round;stroke-miterlimit:10;\" fill=\"none\" stroke=\"#ffffff\" stroke-width=\"20\" stroke-linecap=\"round\" stroke-linejoin=\"round\" stroke-miterlimit=\"10\" data-original=\"#000000\" opacity=\"1\"><\/path><circle cx=\"256\" cy=\"311.224\" r=\"40.163\" style=\"stroke-width:20;stroke-linecap:round;stroke-linejoin:round;stroke-miterlimit:10;\" fill=\"none\" stroke=\"#ffffff\" stroke-width=\"20\" stroke-linecap=\"round\" stroke-linejoin=\"round\" stroke-miterlimit=\"10\" data-original=\"#000000\" opacity=\"1\"><\/circle><path d=\"M236.591 276.062 256 130.49l19.409 145.572M428.702 351.388l-22.09 33.134-22.09-33.134M428.702 461.837l-22.09-33.135-22.09 33.135M406.612 384.522v44.18M461.837 428.702l-33.135-22.09 33.135-22.09M351.388 428.702l33.134-22.09-33.134-22.09M428.702 406.612h-44.18\" style=\"stroke-width:20;stroke-linecap:round;stroke-linejoin:round;stroke-miterlimit:10;\" fill=\"none\" stroke=\"#ffffff\" stroke-width=\"20\" stroke-linecap=\"round\" stroke-linejoin=\"round\" stroke-miterlimit=\"10\" data-original=\"#000000\" opacity=\"1\"><\/path><circle cx=\"406.612\" cy=\"406.612\" r=\"95.388\" style=\"stroke-width:20;stroke-linecap:round;stroke-linejoin:round;stroke-miterlimit:10;\" transform=\"rotate(-45.001 406.61 406.619)\" fill=\"none\" stroke=\"#ffffff\" stroke-width=\"20\" stroke-linecap=\"round\" stroke-linejoin=\"round\" stroke-miterlimit=\"10\" data-original=\"#000000\" opacity=\"1\"><\/circle><\/g><\/svg>\t\t\t\t<\/span>\n\t\t\t<\/div>\n\t\t\t\n\t\t\t\t\t\t<div class=\"elementor-icon-box-content\">\n\n\t\t\t\t\t\t\t\t\t<h4 class=\"elementor-icon-box-title\">\n\t\t\t\t\t\t<span  >\n\t\t\t\t\t\t\tTemperated refrigerated goods\t\t\t\t\t\t<\/span>\n\t\t\t\t\t<\/h4>\n\t\t\t\t\n\t\t\t\t\t\t\t\t\t<p class=\"elementor-icon-box-description\">\n\t\t\t\t\t\tIn addition to the traditional domestic transport of refrigerated goods, thanks to the special cargo space cooling conditions of our vehicles, our company also undertakes international transport of goods with tempered transport, be it fresh food, refrigerated, deep-frozen or temperature-sensitive goods that require special handling.\n\n\t\t\t\t\t<\/p>\n\t\t\t\t\n\t\t\t<\/div>\n\t\t\t\n\t\t<\/div>\n\t\t\t\t<\/div>\n\t\t\t\t<\/div>\n\t\t\t\t\t<\/div>\n\t\t\t\t<\/div>\n\t\t\t\t<\/div>\n\t\t\t\t\t<\/div>\n\t\t\t\t<\/div>\n\t\t<div class=\"elementor-element elementor-element-3f1452d e-flex e-con-boxed e-con e-parent\" data-id=\"3f1452d\" data-element_type=\"container\" data-settings=\"{&quot;background_background&quot;:&quot;classic&quot;}\">\n\t\t\t\t\t<div class=\"e-con-inner\">\n\t\t<div class=\"elementor-element elementor-element-dc34f51 e-con-full e-flex e-con e-child\" data-id=\"dc34f51\" data-element_type=\"container\">\n\t\t\t\t<div class=\"elementor-element elementor-element-5b1cdec elementor-widget elementor-widget-heading\" data-id=\"5b1cdec\" data-element_type=\"widget\" data-widget_type=\"heading.default\">\n\t\t\t\t<div class=\"elementor-widget-container\">\n\t\t\t<h2 class=\"elementor-heading-title elementor-size-default\">INQUIRE AND REQUEST AN OFFER!<\/h2>\t\t<\/div>\n\t\t\t\t<\/div>\n\t\t\t\t<div class=\"elementor-element elementor-element-17ec076 elementor-widget elementor-widget-text-editor\" data-id=\"17ec076\" data-element_type=\"widget\" data-widget_type=\"text-editor.default\">\n\t\t\t\t<div class=\"elementor-widget-container\">\n\t\t\t\t\t\t\t<p><strong>Please don't hesitate to call us!<\/strong><\/p>\t\t\t\t\t\t<\/div>\n\t\t\t\t<\/div>\n\t\t\t\t<div class=\"elementor-element elementor-element-d0c6d5b elementor-align-center elementor-widget elementor-widget-button\" data-id=\"d0c6d5b\" data-element_type=\"widget\" data-widget_type=\"button.default\">\n\t\t\t\t<div class=\"elementor-widget-container\">\n\t\t\t\t\t<div class=\"elementor-button-wrapper\">\n\t\t\t<a class=\"elementor-button elementor-button-link elementor-size-sm\" href=\"https:\/\/www.mtlogistic.hu\/en\/kapcsolat\/\">\n\t\t\t\t\t\t<span class=\"elementor-button-content-wrapper\">\n\t\t\t\t\t\t\t\t\t<span class=\"elementor-button-text\">Request an offer<\/span>\n\t\t\t\t\t<\/span>\n\t\t\t\t\t<\/a>\n\t\t<\/div>\n\t\t\t\t<\/div>\n\t\t\t\t<\/div>\n\t\t\t\t<\/div>\n\t\t\t\t\t<\/div>\n\t\t\t\t<\/div>\n\t\t\t\t<\/div>","protected":false},"excerpt":{"rendered":"<p>H\u0171t\u00f6tt \u00e1ru sz\u00e1ll\u00edt\u00e1s MEGB\u00cdZHAT\u00d3 SZ\u00c1LL\u00cdTM\u00c1NYOZ\u00d3! PONTOS SZ\u00c1LL\u00cdT\u00c1S! H\u0171t\u00f6tt term\u00e9kek, t\u00f6bbf\u00e9le rakt\u00e9rh\u0171t\u00e9ssel A Mt-Logistic v\u00e1llalja h\u0171t\u00f6tt \u00e1ru sz\u00e1ll\u00edt\u00e1s\u00e1t t\u00f6bbf\u00e9le rakt\u00e9rh\u0171t\u00e9ses megold\u00e1ssal, speci\u00e1lis h\u0171t\u0151kocsikkal, ak\u00e1r r\u00f6vid hat\u00e1rid\u0151re is. Pontos \u00e9s id\u0151z\u00edtett kisz\u00e1ll\u00edt\u00e1ssal, szem\u00e9lyre szabott megold\u00e1sokkal \u00e9s rugalmas felt\u00e9telekkel biztos\u00edtjuk \u00e1ruja c\u00e9lba \u00e9r\u00e9s\u00e9t. Korszer\u0171 h\u0171t\u0151aut\u00f3 flott\u00e1nkban megb\u00edzhat Hat\u00e9kony, rekeszelhet\u0151 h\u0171t\u0151kocsival k\u00fcl\u00f6nb\u00f6z\u0151 h\u0151m\u00e9rs\u00e9kleti ig\u00e9ny\u0171 term\u00e9keken vagy \u00e9lelmiszereken k\u00edv\u00fcl egyidej\u0171leg &#8230; <a title=\"Transport of refrigerated goods\" class=\"read-more\" href=\"https:\/\/www.mtlogistic.hu\/en\/transport-of-refrigerated-goods\/\" aria-label=\"Read more about H\u0171t\u00f6tt \u00e1ru sz\u00e1ll\u00edt\u00e1sa\">Read more<\/a><\/p>","protected":false},"author":2,"featured_media":0,"parent":0,"menu_order":0,"comment_status":"closed","ping_status":"closed","template":"elementor_header_footer","meta":{"rank_math_lock_modified_date":false,"footnotes":""},"class_list":["post-248","page","type-page","status-publish"],"_links":{"self":[{"href":"https:\/\/www.mtlogistic.hu\/en\/wp-json\/wp\/v2\/pages\/248","targetHints":{"allow":["GET"]}}],"collection":[{"href":"https:\/\/www.mtlogistic.hu\/en\/wp-json\/wp\/v2\/pages"}],"about":[{"href":"https:\/\/www.mtlogistic.hu\/en\/wp-json\/wp\/v2\/types\/page"}],"author":[{"embeddable":true,"href":"https:\/\/www.mtlogistic.hu\/en\/wp-json\/wp\/v2\/users\/2"}],"replies":[{"embeddable":true,"href":"https:\/\/www.mtlogistic.hu\/en\/wp-json\/wp\/v2\/comments?post=248"}],"version-history":[{"count":13,"href":"https:\/\/www.mtlogistic.hu\/en\/wp-json\/wp\/v2\/pages\/248\/revisions"}],"predecessor-version":[{"id":266,"href":"https:\/\/www.mtlogistic.hu\/en\/wp-json\/wp\/v2\/pages\/248\/revisions\/266"}],"wp:attachment":[{"href":"https:\/\/www.mtlogistic.hu\/en\/wp-json\/wp\/v2\/media?parent=248"}],"curies":[{"name":"wp","href":"https:\/\/api.w.org\/{rel}","templated":true}]}}