{"id":231,"date":"2024-06-18T15:47:51","date_gmt":"2024-06-18T13:47:51","guid":{"rendered":"https:\/\/www.mtlogistic.hu\/?page_id=231"},"modified":"2024-06-18T15:50:46","modified_gmt":"2024-06-18T13:50:46","slug":"tulmeretes-aruk","status":"publish","type":"page","link":"https:\/\/www.mtlogistic.hu\/en\/heavy-loads-and-special-transports\/","title":{"rendered":"Heavy loads and special transports"},"content":{"rendered":"<div data-elementor-type=\"wp-page\" data-elementor-id=\"231\" class=\"elementor elementor-231\" data-elementor-post-type=\"page\">\n\t\t\t\t<div class=\"elementor-element elementor-element-d12f47e e-flex e-con-boxed e-con e-parent\" data-id=\"d12f47e\" data-element_type=\"container\" data-settings=\"{&quot;background_background&quot;:&quot;classic&quot;}\">\n\t\t\t\t\t<div class=\"e-con-inner\">\n\t\t<div class=\"elementor-element elementor-element-f9dcc57 e-con-full e-flex e-con e-child\" data-id=\"f9dcc57\" data-element_type=\"container\">\n\t\t\t\t<div class=\"elementor-element elementor-element-70d1740 elementor-widget elementor-widget-heading\" data-id=\"70d1740\" data-element_type=\"widget\" data-widget_type=\"heading.default\">\n\t\t\t\t<div class=\"elementor-widget-container\">\n\t\t\t<h1 class=\"elementor-heading-title elementor-size-default\">Heavy loads and special transports<\/h1>\t\t<\/div>\n\t\t\t\t<\/div>\n\t\t\t\t<div class=\"elementor-element elementor-element-d6b9852 elementor-widget elementor-widget-heading\" data-id=\"d6b9852\" data-element_type=\"widget\" data-widget_type=\"heading.default\">\n\t\t\t\t<div class=\"elementor-widget-container\">\n\t\t\t<h3 class=\"elementor-heading-title elementor-size-default\">RELIBLE FREIGHT FORWARDER! PUNCTUAL DELIVERY!<\/h3>\t\t<\/div>\n\t\t\t\t<\/div>\n\t\t\t\t<\/div>\n\t\t\t\t\t<\/div>\n\t\t\t\t<\/div>\n\t\t<div class=\"elementor-element elementor-element-7ccfff6 e-flex e-con-boxed e-con e-parent\" data-id=\"7ccfff6\" data-element_type=\"container\">\n\t\t\t\t\t<div class=\"e-con-inner\">\n\t\t<div class=\"elementor-element elementor-element-85d6f04 e-con-full e-flex e-con e-child\" data-id=\"85d6f04\" data-element_type=\"container\">\n\t\t\t\t<div class=\"elementor-element elementor-element-17d292d elementor-widget elementor-widget-heading\" data-id=\"17d292d\" data-element_type=\"widget\" data-widget_type=\"heading.default\">\n\t\t\t\t<div class=\"elementor-widget-container\">\n\t\t\t<h2 class=\"elementor-heading-title elementor-size-default\">Transport of overweight and oversized goods<\/h2>\t\t<\/div>\n\t\t\t\t<\/div>\n\t\t\t\t<div class=\"elementor-element elementor-element-7849b3a elementor-widget elementor-widget-text-editor\" data-id=\"7849b3a\" data-element_type=\"widget\" data-widget_type=\"text-editor.default\">\n\t\t\t\t<div class=\"elementor-widget-container\">\n\t\t\t\t\t\t\t<p>As an overweight and oversized carrier, we strive to provide an optimal solution for our Clients, always adapted to the specific cargo. Whether it is road or multimodal transport, our network covering the whole of Europe provides you with the most advantageous, economical and safest transport solution. Oversized shipments and special cargo requirements can also be handled individually with our fleet of vehicles.<\/p><p>At Mt-Logistic, we take great care of our customers even in the proposal phase. This endeavor also characterizes the further work processes. Detailed planning with the help of a CAD program, as well as route visits and expert opinions by our experienced employees, guarantee the accurate execution of special transports.<\/p><p>Our modern vehicles and experienced, competent colleagues make it possible to solve the most difficult challenges within the deadline. We are constantly renewing and expanding our vehicle fleet and tools. In addition to mega and jumbo semi-trailers, we also have: deep-cradle, tank and heavy-duty trailers.<\/p>\t\t\t\t\t\t<\/div>\n\t\t\t\t<\/div>\n\t\t\t\t<\/div>\n\t\t\t\t\t<\/div>\n\t\t\t\t<\/div>\n\t\t<div class=\"elementor-element elementor-element-3f1452d e-flex e-con-boxed e-con e-parent\" data-id=\"3f1452d\" data-element_type=\"container\" data-settings=\"{&quot;background_background&quot;:&quot;classic&quot;}\">\n\t\t\t\t\t<div class=\"e-con-inner\">\n\t\t<div class=\"elementor-element elementor-element-dc34f51 e-con-full e-flex e-con e-child\" data-id=\"dc34f51\" data-element_type=\"container\">\n\t\t\t\t<div class=\"elementor-element elementor-element-5b1cdec elementor-widget elementor-widget-heading\" data-id=\"5b1cdec\" data-element_type=\"widget\" data-widget_type=\"heading.default\">\n\t\t\t\t<div class=\"elementor-widget-container\">\n\t\t\t<h2 class=\"elementor-heading-title elementor-size-default\">INQUIRE AND REQUEST AN OFFER!<\/h2>\t\t<\/div>\n\t\t\t\t<\/div>\n\t\t\t\t<div class=\"elementor-element elementor-element-17ec076 elementor-widget elementor-widget-text-editor\" data-id=\"17ec076\" data-element_type=\"widget\" data-widget_type=\"text-editor.default\">\n\t\t\t\t<div class=\"elementor-widget-container\">\n\t\t\t\t\t\t\t<p><strong>Please don't hesitate to call us!<\/strong><\/p>\t\t\t\t\t\t<\/div>\n\t\t\t\t<\/div>\n\t\t\t\t<div class=\"elementor-element elementor-element-d0c6d5b elementor-align-center elementor-widget elementor-widget-button\" data-id=\"d0c6d5b\" data-element_type=\"widget\" data-widget_type=\"button.default\">\n\t\t\t\t<div class=\"elementor-widget-container\">\n\t\t\t\t\t<div class=\"elementor-button-wrapper\">\n\t\t\t<a class=\"elementor-button elementor-button-link elementor-size-sm\" href=\"https:\/\/www.mtlogistic.hu\/en\/kapcsolat\/\">\n\t\t\t\t\t\t<span class=\"elementor-button-content-wrapper\">\n\t\t\t\t\t\t\t\t\t<span class=\"elementor-button-text\">Request an offer<\/span>\n\t\t\t\t\t<\/span>\n\t\t\t\t\t<\/a>\n\t\t<\/div>\n\t\t\t\t<\/div>\n\t\t\t\t<\/div>\n\t\t\t\t<\/div>\n\t\t\t\t\t<\/div>\n\t\t\t\t<\/div>\n\t\t\t\t<\/div>","protected":false},"excerpt":{"rendered":"<p>T\u00falm\u00e9retes \u00e1ruk MEGB\u00cdZHAT\u00d3 SZ\u00c1LL\u00cdTM\u00c1NYOZ\u00d3! PONTOS SZ\u00c1LL\u00cdT\u00c1S! T\u00fals\u00falyos \u00e9s t\u00falm\u00e9retes \u00e1ruk sz\u00e1ll\u00edt\u00e1sa T\u00fals\u00falyos \u00e9s t\u00falm\u00e9retes fuvaroz\u00f3k\u00e9nt azon f\u00e1radozunk, hogy optim\u00e1lis megold\u00e1st ny\u00fajtsunk Megb\u00edz\u00f3ink sz\u00e1m\u00e1ra, mindig az adott rakom\u00e1nyhoz igazodva. Legyen az k\u00f6z\u00fati vagy multimod\u00e1lis sz\u00e1ll\u00edt\u00e1s, teljes Eur\u00f3p\u00e1t lefed\u0151 h\u00e1l\u00f3zatunk biztos\u00edtja \u00d6nnek a legel\u0151ny\u00f6sebb, leggazdas\u00e1gosabb \u00e9s legbiztons\u00e1gosabb fuvaroz\u00e1si megold\u00e1st. A t\u00falm\u00e9retes fuvarok, valamint a speci\u00e1lis rakom\u00e1nyokra vonatkoz\u00f3 &#8230; <a title=\"Heavy loads and special transports\" class=\"read-more\" href=\"https:\/\/www.mtlogistic.hu\/en\/heavy-loads-and-special-transports\/\" aria-label=\"Read more about T\u00falm\u00e9retes \u00e1ruk\">Read more<\/a><\/p>","protected":false},"author":2,"featured_media":0,"parent":0,"menu_order":0,"comment_status":"closed","ping_status":"closed","template":"elementor_header_footer","meta":{"rank_math_lock_modified_date":false,"footnotes":""},"class_list":["post-231","page","type-page","status-publish"],"_links":{"self":[{"href":"https:\/\/www.mtlogistic.hu\/en\/wp-json\/wp\/v2\/pages\/231","targetHints":{"allow":["GET"]}}],"collection":[{"href":"https:\/\/www.mtlogistic.hu\/en\/wp-json\/wp\/v2\/pages"}],"about":[{"href":"https:\/\/www.mtlogistic.hu\/en\/wp-json\/wp\/v2\/types\/page"}],"author":[{"embeddable":true,"href":"https:\/\/www.mtlogistic.hu\/en\/wp-json\/wp\/v2\/users\/2"}],"replies":[{"embeddable":true,"href":"https:\/\/www.mtlogistic.hu\/en\/wp-json\/wp\/v2\/comments?post=231"}],"version-history":[{"count":4,"href":"https:\/\/www.mtlogistic.hu\/en\/wp-json\/wp\/v2\/pages\/231\/revisions"}],"predecessor-version":[{"id":236,"href":"https:\/\/www.mtlogistic.hu\/en\/wp-json\/wp\/v2\/pages\/231\/revisions\/236"}],"wp:attachment":[{"href":"https:\/\/www.mtlogistic.hu\/en\/wp-json\/wp\/v2\/media?parent=231"}],"curies":[{"name":"wp","href":"https:\/\/api.w.org\/{rel}","templated":true}]}}