{"id":202,"date":"2024-06-18T14:46:27","date_gmt":"2024-06-18T12:46:27","guid":{"rendered":"https:\/\/www.mtlogistic.hu\/?page_id=202"},"modified":"2024-06-18T15:15:18","modified_gmt":"2024-06-18T13:15:18","slug":"express-fuvarozas","status":"publish","type":"page","link":"https:\/\/www.mtlogistic.hu\/en\/express-forwarding\/","title":{"rendered":"Express forwarding"},"content":{"rendered":"<div data-elementor-type=\"wp-page\" data-elementor-id=\"202\" class=\"elementor elementor-202\" data-elementor-post-type=\"page\">\n\t\t\t\t<div class=\"elementor-element elementor-element-d12f47e e-flex e-con-boxed e-con e-parent\" data-id=\"d12f47e\" data-element_type=\"container\" data-settings=\"{&quot;background_background&quot;:&quot;classic&quot;}\">\n\t\t\t\t\t<div class=\"e-con-inner\">\n\t\t<div class=\"elementor-element elementor-element-f9dcc57 e-con-full e-flex e-con e-child\" data-id=\"f9dcc57\" data-element_type=\"container\">\n\t\t\t\t<div class=\"elementor-element elementor-element-70d1740 elementor-widget elementor-widget-heading\" data-id=\"70d1740\" data-element_type=\"widget\" data-widget_type=\"heading.default\">\n\t\t\t\t<div class=\"elementor-widget-container\">\n\t\t\t<h1 class=\"elementor-heading-title elementor-size-default\">Express forwarding<\/h1>\t\t<\/div>\n\t\t\t\t<\/div>\n\t\t\t\t<div class=\"elementor-element elementor-element-d6b9852 elementor-widget elementor-widget-heading\" data-id=\"d6b9852\" data-element_type=\"widget\" data-widget_type=\"heading.default\">\n\t\t\t\t<div class=\"elementor-widget-container\">\n\t\t\t<h3 class=\"elementor-heading-title elementor-size-default\">RELIBLE FREIGHT FORWARDER! PUNCTUAL DELIVERY!<\/h3>\t\t<\/div>\n\t\t\t\t<\/div>\n\t\t\t\t<\/div>\n\t\t\t\t\t<\/div>\n\t\t\t\t<\/div>\n\t\t<div class=\"elementor-element elementor-element-7ccfff6 e-flex e-con-boxed e-con e-parent\" data-id=\"7ccfff6\" data-element_type=\"container\">\n\t\t\t\t\t<div class=\"e-con-inner\">\n\t\t<div class=\"elementor-element elementor-element-85d6f04 e-con-full e-flex e-con e-child\" data-id=\"85d6f04\" data-element_type=\"container\">\n\t\t\t\t<div class=\"elementor-element elementor-element-17d292d elementor-widget elementor-widget-heading\" data-id=\"17d292d\" data-element_type=\"widget\" data-widget_type=\"heading.default\">\n\t\t\t\t<div class=\"elementor-widget-container\">\n\t\t\t<h2 class=\"elementor-heading-title elementor-size-default\">Urgent shipments - Express freight<\/h2>\t\t<\/div>\n\t\t\t\t<\/div>\n\t\t\t\t<div class=\"elementor-element elementor-element-7849b3a elementor-widget elementor-widget-text-editor\" data-id=\"7849b3a\" data-element_type=\"widget\" data-widget_type=\"text-editor.default\">\n\t\t\t\t<div class=\"elementor-widget-container\">\n\t\t\t\t\t\t\t<p>Our team deals with urgent delivery from envelopes to 1-10 pallet sizes. We undertake the forwarding of urgent consignments within the shortest possible time or on schedule.<br \/>Call our customer service and the nearest available courier will be on the way to pick up your package and deliver it immediately anywhere in the country or even abroad.<\/p>\t\t\t\t\t\t<\/div>\n\t\t\t\t<\/div>\n\t\t\t\t<div class=\"elementor-element elementor-element-18b4739 elementor-position-left elementor-view-default elementor-mobile-position-top elementor-vertical-align-top elementor-widget elementor-widget-icon-box\" data-id=\"18b4739\" data-element_type=\"widget\" data-widget_type=\"icon-box.default\">\n\t\t\t\t<div class=\"elementor-widget-container\">\n\t\t\t\t\t<div class=\"elementor-icon-box-wrapper\">\n\n\t\t\t\t\t\t<div class=\"elementor-icon-box-icon\">\n\t\t\t\t<span  class=\"elementor-icon elementor-animation-\">\n\t\t\t\t<svg xmlns=\"http:\/\/www.w3.org\/2000\/svg\" id=\"a\" height=\"512\" viewbox=\"0 0 64 64\" width=\"512\"><path d=\"m61.637 30.161-13.32-11c-.299-.247-.713-.299-1.063-.134s-.574.518-.574.905v6.083c-3.446.26-6.746 1.354-9.68 3.204v-11.898h6c.387 0 .74-.224.905-.574.165-.351.113-.765-.134-1.063l-11-13.321c-.38-.46-1.162-.46-1.542 0l-11 13.32c-.247.298-.299.712-.134 1.063.165.35.518.574.905.574h6v22.369c-2.837-1.934-6.126-3.251-9.68-3.719v-6.197c0-.387-.224-.74-.574-.905-.35-.164-.764-.112-1.063.134l-13.32 10.999c-.23.19-.363.473-.363.771s.133.581.363.771l13.32 11c.298.246.712.297 1.063.134.35-.165.574-.518.574-.905v-5.634c5.593 1.349 9.68 6.431 9.68 12.268v2.594c0 .552.448 1 1 1h8c.552 0 1-.448 1-1v-13.781c0-5.662 4.174-10.375 9.68-11.157v5.87c0 .387.224.74.574.905.352.165.764.114 1.063-.134l13.32-11c.23-.19.363-.473.363-.771s-.133-.581-.363-.771zm-26.637 29.839h-6v-1.594c0-7.215-5.39-13.434-12.537-14.467-.291-.041-.579.043-.798.234-.219.19-.345.466-.345.756v4.721l-10.75-8.877 10.75-8.877v4.97c0 .518.395.95.91.996 10.525.947 18.77 9.971 18.77 20.545v1.594zm13.68-20.191v-4.846c0-.274-.112-.536-.311-.724-.198-.189-.459-.282-.739-.275-7.083.349-12.631 6.171-12.631 13.255v2.017c-1.39-3.083-3.449-5.815-6-8.001v-24.915c0-.552-.448-1-1-1h-4.877l8.877-10.75 8.877 10.75h-4.877c-.552 0-1 .448-1 1v14.811c0 .38.216.728.557.896.342.169.748.129 1.05-.102 3.238-2.473 7.078-3.843 11.103-3.963.541-.016.97-.459.97-1v-4.909l10.75 8.877-10.75 8.877z\"><\/path><\/svg>\t\t\t\t<\/span>\n\t\t\t<\/div>\n\t\t\t\n\t\t\t\t\t\t<div class=\"elementor-icon-box-content\">\n\n\t\t\t\t\t\t\t\t\t<h4 class=\"elementor-icon-box-title\">\n\t\t\t\t\t\t<span  >\n\t\t\t\t\t\t\tFlexibility\t\t\t\t\t\t<\/span>\n\t\t\t\t\t<\/h4>\n\t\t\t\t\n\t\t\t\t\t\t\t\t\t<p class=\"elementor-icon-box-description\">\n\t\t\t\t\t\tWe adapt to your needs. We undertake deliveries at pre-arranged times, after working hours, on weekends, and even in the middle of the night. The courier goes to the location for the package at the specified time. If you need to deliver important documents, parts, prototypes, or anything else to your partners in a short period, the Express package courier service is the solution!\t\t\t\t\t<\/p>\n\t\t\t\t\n\t\t\t<\/div>\n\t\t\t\n\t\t<\/div>\n\t\t\t\t<\/div>\n\t\t\t\t<\/div>\n\t\t\t\t<div class=\"elementor-element elementor-element-2e77a6c elementor-position-left elementor-view-default elementor-mobile-position-top elementor-vertical-align-top elementor-widget elementor-widget-icon-box\" data-id=\"2e77a6c\" data-element_type=\"widget\" data-widget_type=\"icon-box.default\">\n\t\t\t\t<div class=\"elementor-widget-container\">\n\t\t\t\t\t<div class=\"elementor-icon-box-wrapper\">\n\n\t\t\t\t\t\t<div class=\"elementor-icon-box-icon\">\n\t\t\t\t<span  class=\"elementor-icon elementor-animation-\">\n\t\t\t\t<svg xmlns=\"http:\/\/www.w3.org\/2000\/svg\" id=\"Layer_1\" height=\"512\" viewbox=\"0 0 512 512\" width=\"512\"><path clip-rule=\"evenodd\" d=\"m388.201 231.124v-143.416c0-2.858-1.524-5.499-4-6.928l-124.201-71.708c-2.475-1.429-5.525-1.429-8 0l-124.201 71.708c-2.476 1.429-4 4.07-4 6.928v143.416c0 2.858 1.524 5.499 4 6.928l124.201 71.708c1.237.714 2.619 1.072 4 1.072s2.763-.357 4-1.072l124.201-71.708c2.476-1.429 4-4.07 4-6.928zm-132.201-80.946-28.092-16.219 108.202-62.47 28.092 16.219zm64.11-87.926-108.202 62.47-20.019-11.558 108.202-62.47zm-136.219 64.769 20.019 11.558-.001 37.999-20.018-11.558zm72.109-101.783 28.092 16.219-108.202 62.47-28.091-16.218zm-116.201 76.326 28.092 16.219v51.855c0 2.858 1.524 5.499 4 6.928l36.018 20.795c1.237.714 2.618 1.072 4 1.072 1.381 0 2.763-.357 4-1.072 2.475-1.429 4-4.07 4-6.928l.001-42.618 28.09 16.22v124.941l-108.201-62.47zm124.201 187.411v-124.94l108.201-62.47v124.941zm195.425 75.257c11.603-11.602 17.496-26.235 17.042-42.319l-4.358-153.8c-.416-14.703-15.063-27.877-30.862-27.877-.15 0-.303.001-.454.003-7.723.124-32.906 4.323-32.722 53.167l.319 83.547c.01 2.722-.229 5.332-.729 7.859-.958-1.322-2.049-2.599-3.273-3.823-10.683-10.684-28.196-10.81-39.867-.285-.268.241-.519.5-.752.775-13.529 15.996-30.123 29.981-43.457 41.219-4.658 3.926-9.058 7.634-12.662 10.883-14.908 13.436-16.893 32.031-16.868 48.449l.092 60.453-6.274-.054c-.054 0-.107-.001-.162-.001-10.197 0-18.538 8.251-18.627 18.47l-.199 23.273c-.043 4.964 1.857 9.656 5.352 13.211s8.152 5.536 13.117 5.579l120.904 1.039c.055 0 .108.001.163.001 4.903 0 9.531-1.897 13.047-5.353 3.555-3.495 5.535-8.153 5.578-13.116l.2-23.275c.087-10.271-8.198-18.7-18.47-18.788l-13.301-.114v-11.897zm-51.453 97.886-.2 23.275c-.008.932-.501 1.555-.795 1.843-.293.289-.935.753-1.856.763l-120.904-1.039c-.932-.008-1.555-.502-1.843-.795s-.771-.925-.763-1.857l.199-23.273c.012-1.418 1.214-2.607 2.63-2.607h.022l120.903 1.039c1.425.012 2.619 1.226 2.607 2.651zm-101.099-19.498-.092-60.615c-.021-13.539 1.368-27.336 11.58-36.54 3.407-3.071 7.51-6.529 12.261-10.533 13.671-11.521 30.652-25.833 44.974-42.662 5.407-4.583 12.845-4.6 17.478.032 4.627 4.626 4.939 10.042.94 16.112-7.846 9.011-31.273 31.767-35.101 35.594-3.124 3.125-3.124 8.189.001 11.314 3.124 3.125 8.189 3.123 11.313 0 3.744-3.745 36.177-36.693 36.465-37.105 1.552-1.796 3.107-3.649 4.67-5.573 8.815-10.852 13.077-22.545 13.028-35.75l-.319-83.548c-.086-22.72 6.42-36.939 16.979-37.108.063-.001.127-.001.191-.001 7.095 0 14.703 6.278 14.874 12.33l4.358 153.8c.332 11.74-3.827 22.02-12.361 30.553l-69.567 69.567c-1.5 1.5-2.343 3.535-2.343 5.656l-.001 15.074zm-17.927 27.5c1.476-3.712 5.681-5.524 9.393-4.048 3.711 1.476 5.524 5.681 4.048 9.392-1.476 3.712-5.681 5.524-9.392 4.048-3.712-1.475-5.525-5.68-4.049-9.392zm-61.545-27.691-6.274.054.092-60.453c.024-16.418-1.96-35.013-16.867-48.448-3.605-3.25-8.005-6.958-12.663-10.884-13.334-11.237-29.928-25.223-43.457-41.219-.233-.275-.484-.534-.752-.775-11.671-10.524-29.183-10.398-39.867.285-1.224 1.224-2.315 2.502-3.273 3.823-.5-2.527-.739-5.136-.729-7.857l.319-83.549c.185-48.843-24.999-53.042-32.722-53.167-.152-.002-.303-.003-.454-.003-15.797 0-30.446 13.175-30.862 27.876l-4.358 153.802c-.454 16.083 5.439 30.716 17.041 42.317l67.225 67.224v11.897l-13.301.114c-10.271.088-18.557 8.517-18.47 18.789l.2 23.274c.043 4.964 2.023 9.622 5.578 13.117 3.516 3.456 8.144 5.353 13.047 5.353.055 0 .109 0 .163-.001l120.904-1.039c4.965-.042 9.623-2.024 13.117-5.579s5.395-8.247 5.352-13.21l-.199-23.275c-.09-10.27-8.498-18.555-18.79-18.466zm-91.602-14.288c0-2.122-.843-4.156-2.343-5.656l-69.568-69.567c-8.533-8.533-12.692-18.812-12.36-30.551l4.358-153.801c.171-6.051 7.779-12.329 14.874-12.329.064 0 .128 0 .191.001 10.559.169 17.064 14.388 16.979 37.107l-.319 83.55c-.049 13.204 4.213 24.897 13.028 35.749 1.563 1.924 3.118 3.777 4.67 5.573.288.413 32.721 33.36 36.465 37.105 3.124 3.124 8.189 3.125 11.313 0 3.125-3.125 3.125-8.189.001-11.314-3.827-3.827-27.255-26.583-35.101-35.594-3.999-6.07-3.687-11.485.94-16.112 4.633-4.633 12.07-4.616 17.478-.032 14.321 16.829 31.303 31.141 44.974 42.662 4.751 4.004 8.854 7.462 12.262 10.534 10.211 9.203 11.6 23 11.579 36.54l-.092 60.615-69.328.596zm93.828 58.025c-.288.293-.911.787-1.843.795l-120.904 1.039c-.008 0-.016 0-.023 0-.919 0-1.542-.477-1.833-.763-.294-.289-.787-.912-.795-1.844l-.2-23.274c-.013-1.425 1.182-2.64 2.606-2.652l120.903-1.039h.022c1.416 0 2.618 1.189 2.63 2.606l.199 23.275c.009.932-.474 1.564-.762 1.857zm-6.573-16.046c1.476 3.712-.337 7.917-4.049 9.392-3.711 1.476-7.917-.337-9.392-4.048-1.476-3.712.337-7.917 4.048-9.392 3.713-1.476 7.918.337 9.393 4.048z\" fill-rule=\"evenodd\"><\/path><\/svg>\t\t\t\t<\/span>\n\t\t\t<\/div>\n\t\t\t\n\t\t\t\t\t\t<div class=\"elementor-icon-box-content\">\n\n\t\t\t\t\t\t\t\t\t<h4 class=\"elementor-icon-box-title\">\n\t\t\t\t\t\t<span  >\n\t\t\t\t\t\t\tCareful package management\t\t\t\t\t\t<\/span>\n\t\t\t\t\t<\/h4>\n\t\t\t\t\n\t\t\t\t\t\t\t\t\t<p class=\"elementor-icon-box-description\">\n\t\t\t\t\t\tWith us, you can keep your shipment safe, all our couriers deliver the packages entrusted to them with such care as if they were their own.\t\t\t\t\t<\/p>\n\t\t\t\t\n\t\t\t<\/div>\n\t\t\t\n\t\t<\/div>\n\t\t\t\t<\/div>\n\t\t\t\t<\/div>\n\t\t\t\t<div class=\"elementor-element elementor-element-a575d5a elementor-widget elementor-widget-text-editor\" data-id=\"a575d5a\" data-element_type=\"widget\" data-widget_type=\"text-editor.default\">\n\t\t\t\t<div class=\"elementor-widget-container\">\n\t\t\t\t\t\t\t<p><span style=\"background-color: var( --e-global-color-ba935a3 ); color: var( --e-global-color-text ); font-family: var( --e-global-typography-text-font-family ), Sans-serif; font-weight: var( --e-global-typography-text-font-weight ); text-align: var(--text-align);\">If it was already too late yesterday, don't wait until tomorrow! Call Mt-Logistic dispatch immediately!<\/span><\/p>\t\t\t\t\t\t<\/div>\n\t\t\t\t<\/div>\n\t\t\t\t<\/div>\n\t\t\t\t\t<\/div>\n\t\t\t\t<\/div>\n\t\t<div class=\"elementor-element elementor-element-3f1452d e-flex e-con-boxed e-con e-parent\" data-id=\"3f1452d\" data-element_type=\"container\" data-settings=\"{&quot;background_background&quot;:&quot;classic&quot;}\">\n\t\t\t\t\t<div class=\"e-con-inner\">\n\t\t<div class=\"elementor-element elementor-element-dc34f51 e-con-full e-flex e-con e-child\" data-id=\"dc34f51\" data-element_type=\"container\">\n\t\t\t\t<div class=\"elementor-element elementor-element-5b1cdec elementor-widget elementor-widget-heading\" data-id=\"5b1cdec\" data-element_type=\"widget\" data-widget_type=\"heading.default\">\n\t\t\t\t<div class=\"elementor-widget-container\">\n\t\t\t<h2 class=\"elementor-heading-title elementor-size-default\">INQUIRE AND REQUEST AN OFFER!<\/h2>\t\t<\/div>\n\t\t\t\t<\/div>\n\t\t\t\t<div class=\"elementor-element elementor-element-17ec076 elementor-widget elementor-widget-text-editor\" data-id=\"17ec076\" data-element_type=\"widget\" data-widget_type=\"text-editor.default\">\n\t\t\t\t<div class=\"elementor-widget-container\">\n\t\t\t\t\t\t\t<p><strong>Please don't hesitate to call us!<\/strong><\/p>\t\t\t\t\t\t<\/div>\n\t\t\t\t<\/div>\n\t\t\t\t<div class=\"elementor-element elementor-element-d0c6d5b elementor-align-center elementor-widget elementor-widget-button\" data-id=\"d0c6d5b\" data-element_type=\"widget\" data-widget_type=\"button.default\">\n\t\t\t\t<div class=\"elementor-widget-container\">\n\t\t\t\t\t<div class=\"elementor-button-wrapper\">\n\t\t\t<a class=\"elementor-button elementor-button-link elementor-size-sm\" href=\"https:\/\/www.mtlogistic.hu\/en\/kapcsolat\/\">\n\t\t\t\t\t\t<span class=\"elementor-button-content-wrapper\">\n\t\t\t\t\t\t\t\t\t<span class=\"elementor-button-text\">Request an offer<\/span>\n\t\t\t\t\t<\/span>\n\t\t\t\t\t<\/a>\n\t\t<\/div>\n\t\t\t\t<\/div>\n\t\t\t\t<\/div>\n\t\t\t\t<\/div>\n\t\t\t\t\t<\/div>\n\t\t\t\t<\/div>\n\t\t\t\t<\/div>","protected":false},"excerpt":{"rendered":"<p>Express fuvaruz\u00e1s MEGB\u00cdZHAT\u00d3 SZ\u00c1LL\u00cdTM\u00c1NYOZ\u00d3! PONTOS SZ\u00c1LL\u00cdT\u00c1S! S\u00fcrg\u0151s k\u00fcldem\u00e9nyek &#8211; Express fuvar Csapatunk azonnali sz\u00e1ll\u00edt\u00e1ssal foglalkozik a bor\u00edt\u00e9kt\u00f3l a 1-10 raklap m\u00e9retig. V\u00e1llaljuk s\u00fcrg\u0151s k\u00fcldem\u00e9nyek tov\u00e1bb\u00edt\u00e1s\u00e1t a lehet\u0151 legr\u00f6videbb id\u0151n bel\u00fcl, vagy tervezhet\u0151en id\u0151pontra.H\u00edvja \u00fcgyf\u00e9lszolg\u00e1latunkat, \u00e9s m\u00e1r indul is a legk\u00f6zelebbi el\u00e9rhet\u0151 fut\u00e1r, hogy \u00e1tvegye csomagj\u00e1t, \u00e9s azonnal k\u00e9zbes\u00edtse azt az orsz\u00e1g b\u00e1rmely pontj\u00e1ra, vagy ak\u00e1r &#8230; <a title=\"Express forwarding\" class=\"read-more\" href=\"https:\/\/www.mtlogistic.hu\/en\/express-forwarding\/\" aria-label=\"Read more about Express fuvaroz\u00e1s\">Read more<\/a><\/p>","protected":false},"author":2,"featured_media":0,"parent":0,"menu_order":0,"comment_status":"closed","ping_status":"closed","template":"elementor_header_footer","meta":{"rank_math_lock_modified_date":false,"footnotes":""},"class_list":["post-202","page","type-page","status-publish"],"_links":{"self":[{"href":"https:\/\/www.mtlogistic.hu\/en\/wp-json\/wp\/v2\/pages\/202","targetHints":{"allow":["GET"]}}],"collection":[{"href":"https:\/\/www.mtlogistic.hu\/en\/wp-json\/wp\/v2\/pages"}],"about":[{"href":"https:\/\/www.mtlogistic.hu\/en\/wp-json\/wp\/v2\/types\/page"}],"author":[{"embeddable":true,"href":"https:\/\/www.mtlogistic.hu\/en\/wp-json\/wp\/v2\/users\/2"}],"replies":[{"embeddable":true,"href":"https:\/\/www.mtlogistic.hu\/en\/wp-json\/wp\/v2\/comments?post=202"}],"version-history":[{"count":22,"href":"https:\/\/www.mtlogistic.hu\/en\/wp-json\/wp\/v2\/pages\/202\/revisions"}],"predecessor-version":[{"id":227,"href":"https:\/\/www.mtlogistic.hu\/en\/wp-json\/wp\/v2\/pages\/202\/revisions\/227"}],"wp:attachment":[{"href":"https:\/\/www.mtlogistic.hu\/en\/wp-json\/wp\/v2\/media?parent=202"}],"curies":[{"name":"wp","href":"https:\/\/api.w.org\/{rel}","templated":true}]}}